


{"id":152,"date":"2024-09-09T20:34:55","date_gmt":"2024-09-09T20:34:55","guid":{"rendered":"https:\/\/www.ice-systems.com\/de\/?page_id=152"},"modified":"2025-11-06T10:51:35","modified_gmt":"2025-11-06T10:51:35","slug":"terms-and-conditions","status":"publish","type":"page","link":"https:\/\/www.ice-systems.com\/de\/terms-and-conditions\/","title":{"rendered":"Allgemeine Gesch\u00e4ftsbedingungen"},"content":{"rendered":"\n<p>Zuletzt aktualisiert am 14. M\u00e4rz 2022<\/p>\n\n\n\n<p>Datum des Inkrafttretens 14. M\u00e4rz 2022<br>&nbsp;<br>Diese Datenschutzrichtlinie beschreibt die Richtlinien von ICE SYSTEMS Ltd, Estate Road No. 7, South Humberside Industrial Estate Grimsby, N.E.Lincs, DN31 2TP, UK, Lincolnshire DN31 2TP, Vereinigtes K\u00f6nigreich von Gro\u00dfbritannien und Nordirland (das), E-Mail: info@ice-systems.com, Telefon: 01472 267524 \u00fcber die Erfassung, Verwendung und Weitergabe Ihrer Daten, die wir bei der Nutzung unserer Website (http:\/\/www.ice-systems.com\/ &#8211; http:\/\/www.ice-systems.com) erfassen. (der \u201eDienst\u201c). Indem Sie auf den Dienst zugreifen oder ihn nutzen, erkl\u00e4ren Sie sich mit der Erfassung, Verwendung und Weitergabe Ihrer Daten in \u00dcbereinstimmung mit dieser Datenschutzerkl\u00e4rung einverstanden. Wenn Sie damit nicht einverstanden sind, bitten wir Sie, den Dienst nicht zu nutzen.<\/p>\n\n\n\n<p>Wir k\u00f6nnen diese Datenschutzrichtlinie jederzeit ohne vorherige Benachrichtigung an Sie \u00e4ndern und werden die \u00fcberarbeitete Datenschutzrichtlinie im Dienst ver\u00f6ffentlichen. Die ge\u00e4nderte Richtlinie tritt 180 Tage nach der Ver\u00f6ffentlichung der ge\u00e4nderten Richtlinie im Dienst in Kraft, und wenn Sie nach diesem Zeitpunkt weiterhin auf den Dienst zugreifen oder ihn nutzen, erkl\u00e4ren Sie sich mit der ge\u00e4nderten Datenschutzrichtlinie einverstanden. Wir empfehlen Ihnen daher, diese Seite regelm\u00e4\u00dfig zu \u00fcberpr\u00fcfen.<\/p>\n\n\n\n<p>Informationen, die wir sammeln:<\/p>\n\n\n\n<p>Wir werden die folgenden personenbezogenen Daten \u00fcber Sie sammeln und verarbeiten:&nbsp;<\/p>\n\n\n\n<p>Wie wir Ihre Informationen verwenden:<\/p>\n\n\n\n<p>Wir verwenden die Informationen, die wir \u00fcber Sie sammeln, f\u00fcr die folgenden Zwecke:&nbsp;<\/p>\n\n\n\n<p>Marketing\/Werbung<\/p>\n\n\n\n<p>Erfahrungsberichte<\/p>\n\n\n\n<p>Sammlung von Kundenfeedback<\/p>\n\n\n\n<p>AGB umsetzen<\/p>\n\n\n\n<p>Support<\/p>\n\n\n\n<p>Informationen zur Verwaltung<\/p>\n\n\n\n<p>Gezielte Werbung<\/p>\n\n\n\n<p>Schutz der Website<\/p>\n\n\n\n<p>Beilegung von Streitigkeiten<\/p>\n\n\n\n<p>Wenn wir Ihre Daten f\u00fcr einen anderen Zweck verwenden wollen, werden wir Sie um Ihre Zustimmung bitten und Ihre Daten nur nach Erhalt Ihrer Zustimmung und dann nur f\u00fcr den\/die Zweck(e) verwenden, f\u00fcr den\/die Sie Ihre Zustimmung erteilt haben, es sei denn, wir sind gesetzlich zu etwas anderem verpflichtet.<\/p>\n\n\n\n<p>Wie wir Ihre Informationen weitergeben:<\/p>\n\n\n\n<p>Wir geben Ihre pers\u00f6nlichen Daten nicht an Dritte weiter, ohne Ihre Zustimmung einzuholen, es sei denn, es liegen die im Folgenden beschriebenen begrenzten Voraussetzungen vor:<\/p>\n\n\n\n<p>Werbeservice<\/p>\n\n\n\n<p>Marketing-Agenturen<\/p>\n\n\n\n<p>Auswertung<\/p>\n\n\n\n<p>Wir verlangen von diesen Dritten, dass sie die personenbezogenen Daten, die wir ihnen \u00fcbermitteln, nur f\u00fcr den Zweck verwenden, f\u00fcr den sie \u00fcbermittelt wurden, und sie nicht l\u00e4nger aufbewahren, als es f\u00fcr die Erf\u00fcllung des genannten Zwecks erforderlich ist.<\/p>\n\n\n\n<p>&nbsp;Wir k\u00f6nnen Ihre personenbezogenen Daten auch aus den folgenden Gr\u00fcnden weitergeben: (1) zur Einhaltung geltender Gesetze, Vorschriften, gerichtlicher Anordnungen oder anderer rechtlicher Verfahren; (2) zur Durchsetzung Ihrer Vereinbarungen mit uns, einschlie\u00dflich dieser Datenschutzrichtlinie; oder (3) um auf Behauptungen zu reagieren, dass Ihre Nutzung des Dienstes die Rechte Dritter verletzt. Falls der Dienst oder unser Unternehmen mit einem anderen Unternehmen fusioniert oder \u00fcbernommen wird, geh\u00f6ren Ihre Daten zu den Verm\u00f6genswerten, die auf den neuen Eigent\u00fcmer \u00fcbertragen werden.<\/p>\n\n\n\n<p>Aufbewahrung Ihrer Informationen:<\/p>\n\n\n\n<p>Wir bewahren Ihre personenbezogenen Daten 2 Jahre lang oder so lange auf, wie wir sie ben\u00f6tigen, um die Zwecke zu erf\u00fcllen, f\u00fcr die sie gem\u00e4\u00df dieser Datenschutzrichtlinie erhoben wurden. Es kann sein, dass wir bestimmte Daten l\u00e4nger aufbewahren m\u00fcssen, z. B. f\u00fcr Aufzeichnungen\/Berichte in \u00dcbereinstimmung mit geltendem Recht oder aus anderen legitimen Gr\u00fcnden, wie z. B. zur Durchsetzung gesetzlicher Rechte, zur Betrugsbek\u00e4mpfung usw. Anonyme Restdaten und zusammengefasste Daten, die Sie nicht (direkt oder indirekt) identifizieren, k\u00f6nnen auf unbestimmte Zeit gespeichert werden.<\/p>\n\n\n\n<p>Ihre Rechte:<\/p>\n\n\n\n<p>Je nach geltendem Recht haben Sie das Recht, auf Ihre personenbezogenen Daten zuzugreifen und diese zu korrigieren oder zu l\u00f6schen oder eine Kopie Ihrer personenbezogenen Daten zu erhalten, die aktive Verarbeitung Ihrer Daten einzuschr\u00e4nken oder ihr zu widersprechen, uns aufzufordern, Ihre personenbezogenen Daten an eine andere Stelle weiterzugeben (zu portieren), die uns erteilte Zustimmung zur Verarbeitung Ihrer Daten zu widerrufen, das Recht, eine Beschwerde bei einer gesetzlichen Beh\u00f6rde einzureichen, sowie weitere Rechte, die nach geltendem Recht relevant sein k\u00f6nnen. Um diese Rechte auszu\u00fcben, k\u00f6nnen Sie sich schriftlich an uns wenden: info@ice-systems.com. Wir werden Ihre Anfrage in \u00dcbereinstimmung mit dem geltenden Recht beantworten.<\/p>\n\n\n\n<p>Sie haben die M\u00f6glichkeit, sich von der Direktwerbung oder der Profilerstellung f\u00fcr Marketingzwecke abzumelden, indem Sie uns unter info@ice-systems.com schreiben.<\/p>\n\n\n\n<p>&nbsp;Bitte beachten Sie, dass Sie m\u00f6glicherweise nicht in der Lage sind, auf die Dienste zuzugreifen oder diese zu nutzen, f\u00fcr die Ihre Daten angefordert wurden, wenn Sie uns nicht gestatten, die erforderlichen personenbezogenen Daten zu sammeln oder zu verarbeiten, oder wenn Sie Ihre Zustimmung zur Verarbeitung dieser Daten f\u00fcr die erforderlichen Zwecke widerrufen.<\/p>\n\n\n\n<p>Cookies etc.<\/p>\n\n\n\n<p>Um mehr dar\u00fcber zu erfahren, wie wir diese verwenden und welche M\u00f6glichkeiten Sie in Bezug auf diese Tracking-Technologien haben, lesen Sie bitte unsere Cookie-Richtlinie.<\/p>\n\n\n\n<p>Sicherheit:<\/p>\n\n\n\n<p>Die Sicherheit Ihrer Daten ist uns wichtig, und wir werden angemessene Sicherheitsma\u00dfnahmen ergreifen, um den Verlust, den Missbrauch oder die unbefugte \u00c4nderung Ihrer Daten unter unserer Kontrolle zu verhindern. In Anbetracht der inh\u00e4renten Risiken k\u00f6nnen wir jedoch keine absolute Sicherheit garantieren. Folglich k\u00f6nnen wir die Sicherheit von Informationen, die Sie an uns \u00fcbermitteln, nicht gew\u00e4hrleisten oder garantieren, und Sie tun dies auf eigenes Risiko.<\/p>\n\n\n\n<p>Links zu Dritten und Verwendung Ihrer Informationen:<\/p>\n\n\n\n<p>Unser Service kann Links zu anderen Websites enthalten, die nicht von uns betrieben werden. Diese Datenschutzrichtlinie bezieht sich nicht auf die Datenschutzrichtlinien und andere Verfahren von Dritten, einschlie\u00dflich Dritter, die eine Website oder einen Dienst betreiben, der \u00fcber einen Link im Dienst zug\u00e4nglich ist. Wir empfehlen Ihnen dringend, die Datenschutzrichtlinien jeder Website, die Sie besuchen, zu \u00fcberpr\u00fcfen. Wir haben keine Kontrolle \u00fcber und \u00fcbernehmen keine Verantwortung f\u00fcr die Inhalte, Datenschutzrichtlinien oder Verfahren von Websites oder Diensten Dritter.<\/p>\n\n\n\n<p>Beschwerde\/Datenschutzbeauftragter:<\/p>\n\n\n\n<p>Wenn Sie Fragen oder Bedenken bez\u00fcglich der Verarbeitung Ihrer bei uns vorhandenen Daten haben, k\u00f6nnen Sie sich per E-Mail an unseren Datenschutzbeauftragten wenden: ICE SYSTEMS Ltd, Estate Road No. 7, South Humberside Industrial Estate Grimsby, N.E.Lincs, DN31 2TP, UK, E-Mail: info@ice-systems.com. Wir werden Ihr Anliegen in \u00dcbereinstimmung mit dem geltenden Recht bearbeiten.<\/p>\n","protected":false},"excerpt":{"rendered":"<p>Zuletzt aktualisiert am 14. M\u00e4rz 2022 Datum des Inkrafttretens 14. M\u00e4rz 2022&nbsp;Diese Datenschutzrichtlinie beschreibt die Richtlinien von ICE SYSTEMS Ltd, Estate Road No. 7, South Humberside Industrial Estate Grimsby, N.E.Lincs, DN31 2TP, UK, Lincolnshire DN31 2TP, Vereinigtes K\u00f6nigreich von Gro\u00dfbritannien und Nordirland (das), E-Mail: info@ice-systems.com, Telefon: 01472 267524 \u00fcber die Erfassung, Verwendung und Weitergabe Ihrer&#8230;<\/p>\n","protected":false},"author":1,"featured_media":0,"parent":0,"menu_order":10,"comment_status":"closed","ping_status":"closed","template":"template--legal.php","meta":{"_acf_changed":false,"footnotes":""},"categories":[],"class_list":["post-152","page","type-page","status-publish","hentry"],"acf":[],"_links":{"self":[{"href":"https:\/\/www.ice-systems.com\/de\/wp-json\/wp\/v2\/pages\/152","targetHints":{"allow":["GET"]}}],"collection":[{"href":"https:\/\/www.ice-systems.com\/de\/wp-json\/wp\/v2\/pages"}],"about":[{"href":"https:\/\/www.ice-systems.com\/de\/wp-json\/wp\/v2\/types\/page"}],"author":[{"embeddable":true,"href":"https:\/\/www.ice-systems.com\/de\/wp-json\/wp\/v2\/users\/1"}],"replies":[{"embeddable":true,"href":"https:\/\/www.ice-systems.com\/de\/wp-json\/wp\/v2\/comments?post=152"}],"version-history":[{"count":6,"href":"https:\/\/www.ice-systems.com\/de\/wp-json\/wp\/v2\/pages\/152\/revisions"}],"predecessor-version":[{"id":2539,"href":"https:\/\/www.ice-systems.com\/de\/wp-json\/wp\/v2\/pages\/152\/revisions\/2539"}],"wp:attachment":[{"href":"https:\/\/www.ice-systems.com\/de\/wp-json\/wp\/v2\/media?parent=152"}],"wp:term":[{"taxonomy":"category","embeddable":true,"href":"https:\/\/www.ice-systems.com\/de\/wp-json\/wp\/v2\/categories?post=152"}],"curies":[{"name":"wp","href":"https:\/\/api.w.org\/{rel}","templated":true}]}}