


{"id":152,"date":"2024-09-09T20:34:55","date_gmt":"2024-09-09T20:34:55","guid":{"rendered":"https:\/\/www.ice-systems.com\/es\/?page_id=152"},"modified":"2024-12-16T09:10:49","modified_gmt":"2024-12-16T09:10:49","slug":"terms-and-conditions","status":"publish","type":"page","link":"https:\/\/www.ice-systems.com\/es\/terms-and-conditions\/","title":{"rendered":"Condiciones generales"},"content":{"rendered":"\n<p>Pol\u00edtica de privacidad<\/p>\n\n\n\n<p>\u00daltima actualizaci\u00f3n el 14-mar-2022<\/p>\n\n\n\n<p>Fecha de vigencia 14 de marzo de 2022<\/p>\n\n\n\n<p>Esta Pol\u00edtica de Privacidad describe las pol\u00edticas de ICE SYSTEMS Ltd, Estate Road No. 7, South Humberside Industrial Estate Grimsby, N.E.Lincs, DN31 2TP, UK, Lincolnshire DN31 2TP, Reino Unido de Gran Breta\u00f1a e Irlanda del Norte, (el) correo electr\u00f3nico:&nbsp;info@icesystems.co.uk, tel\u00e9fono: +44 1472 267524 sobre la recopilaci\u00f3n, el uso y la divulgaci\u00f3n de la informaci\u00f3n que recopilamos cuando visita nuestro sitio web (<a href=\"https:\/\/www.icesystems.co.uk\/\" target=\"_blank\" rel=\"noopener\">https:\/\/www.icesystems.co.uk\/<\/a>). (el \u201cServicio&#8221;). Al acceder o utilizar el Servicio, usted acepta la recopilaci\u00f3n, el uso y la divulgaci\u00f3n de su informaci\u00f3n de acuerdo con esta Pol\u00edtica de privacidad. Si usted no proporciona su consentimiento, rogamos no acceda ni utilice el Servicio.<\/p>\n\n\n\n<p>Es posible que se modifique esta Pol\u00edtica de privacidad en cualquier momento sin previo aviso y se publicar\u00e1 la Pol\u00edtica de privacidad revisada en el Servicio. La Pol\u00edtica revisada entrar\u00e1 en vigor 180 d\u00edas despu\u00e9s de que la Pol\u00edtica revisada se publique en el Servicio y su acceso o uso continuo del Servicio despu\u00e9s de ese tiempo constituir\u00e1 su aceptaci\u00f3n de la Pol\u00edtica de Privacidad revisada. Por lo tanto, le recomendamos que revise peri\u00f3dicamente esta p\u00e1gina.<\/p>\n\n\n\n<p>Informaci\u00f3n que recopilamos:<\/p>\n\n\n\n<p>Recopilaremos y procesaremos la siguiente informaci\u00f3n personal sobre usted:<\/p>\n\n\n\n<p>Nombre<\/p>\n\n\n\n<p>Correo electr\u00f3nico<\/p>\n\n\n\n<p>M\u00f3vil<\/p>\n\n\n\n<p>Direcci\u00f3n<\/p>\n\n\n\n<p>Direcci\u00f3n de trabajo<\/p>\n\n\n\n<p>C\u00f3mo usamos su informaci\u00f3n:<\/p>\n\n\n\n<p>Usaremos la informaci\u00f3n que recopilamos sobre usted para los siguientes prop\u00f3sitos:<\/p>\n\n\n\n<p>Marketing\/ Promocional<\/p>\n\n\n\n<p>Testimonios<\/p>\n\n\n\n<p>Recopilaci\u00f3n de comentarios de los clientes<\/p>\n\n\n\n<p>Hacer cumplir los t\u00e9rminos y condiciones<\/p>\n\n\n\n<p>Soporte<\/p>\n\n\n\n<p>Informaci\u00f3n de administraci\u00f3n<\/p>\n\n\n\n<p>Publicidad orientada<\/p>\n\n\n\n<p>Protecci\u00f3n del sitio<\/p>\n\n\n\n<p>Resoluci\u00f3n de conflictos<\/p>\n\n\n\n<p>Si queremos usar su informaci\u00f3n para cualquier otro prop\u00f3sito, le pediremos su consentimiento y usaremos su informaci\u00f3n solo al recibir su consentimiento y solo para los fines para los cuales haya otorgado el consentimiento, a menos que se nos solicite lo contrario por ley.<\/p>\n\n\n\n<p>C\u00f3mo compartimos su informaci\u00f3n:<\/p>\n\n\n\n<p>No transferiremos su informaci\u00f3n personal a ning\u00fan tercero sin solicitar su consentimiento, excepto en las circunstancias limitadas que se describen a continuaci\u00f3n:<\/p>\n\n\n\n<p>Servicio de publicidad<\/p>\n\n\n\n<p>Agencias de marketing<\/p>\n\n\n\n<p>Anal\u00edtica de datos<\/p>\n\n\n\n<p>Requerimos que dichos terceros usen la informaci\u00f3n personal que les transferimos solo para el prop\u00f3sito para el cual fue transferida y no la retengan por m\u00e1s tiempo del necesario para cumplir con dicho prop\u00f3sito.<\/p>\n\n\n\n<p>Tambi\u00e9n podemos divulgar su informaci\u00f3n personal para lo siguiente: (1) para cumplir con la ley, regulaci\u00f3n, orden judicial u otro proceso legal aplicable; (2) para hacer cumplir sus acuerdos con nosotros, incluida esta Pol\u00edtica de privacidad; o (3) para responder a reclamaciones de que su uso del Servicio viola los derechos de terceros. Si el Servicio o nuestra empresa se fusiona o es adquirida por otra empresa, su informaci\u00f3n ser\u00e1 uno de los activos que se transferir\u00e1 al nuevo propietario.<\/p>\n\n\n\n<p>Retenci\u00f3n de su informaci\u00f3n:<\/p>\n\n\n\n<p>Conservaremos su informaci\u00f3n personal durante 2 a\u00f1os o durante el tiempo que la necesitemos para cumplir con los fines para los que se recopil\u00f3, tal como se detalla en esta Pol\u00edtica de Privacidad. Es posible que necesitemos conservar cierta informaci\u00f3n durante per\u00edodos m\u00e1s largos, como el mantenimiento de registros\/informes de acuerdo con la ley aplicable o por otras razones leg\u00edtimas, como el cumplimiento de los derechos legales, la prevenci\u00f3n del fraude, etc. Informaci\u00f3n residual an\u00f3nima e informaci\u00f3n agregada, ninguna de las cuales lo identifica (directa o indirectamente), puede almacenarse indefinidamente.<\/p>\n\n\n\n<p>Sus derechos:<\/p>\n\n\n\n<p>Dependiendo de la ley que se aplique, puede tener derecho a acceder y rectificar o borrar sus datos personales o recibir una copia de sus datos personales, restringir u oponerse al procesamiento activo de sus datos, solicitarnos que compartamos su informaci\u00f3n personal informaci\u00f3n a otra entidad, retirar cualquier consentimiento que nos haya proporcionado para procesar sus datos, el derecho a presentar una queja ante una autoridad legal y cualquier otro derecho que pueda ser relevante seg\u00fan las leyes aplicables. Para ejercer estos derechos, puede escribirnos a&nbsp;info@ice-systems.com. Responderemos a su solicitud de acuerdo con la ley aplicable.<\/p>\n\n\n\n<p>Puede optar por no recibir comunicaciones de marketing directo o la elaboraci\u00f3n de perfiles que llevamos a cabo con fines de marketing escribi\u00e9ndonos a&nbsp;info@ice-systems.com.<\/p>\n\n\n\n<p>Tenga en cuenta que, si no nos permite recopilar o procesar la informaci\u00f3n personal requerida o retirar el consentimiento para procesar la misma para los fines requeridos, es posible que no pueda acceder o utilizar los servicios para los que se solicit\u00f3 su informaci\u00f3n.<\/p>\n\n\n\n<p>Cookies<\/p>\n\n\n\n<p>Para obtener m\u00e1s informaci\u00f3n sobre c\u00f3mo usamos estas y sus opciones en relaci\u00f3n con estas tecnolog\u00edas de seguimiento, consulte nuestra Pol\u00edtica de Cookies.<\/p>\n\n\n\n<p>Seguridad:<\/p>\n\n\n\n<p>La seguridad de su informaci\u00f3n es importante para nosotros y utilizaremos medidas de seguridad razonables para evitar la p\u00e9rdida, mal uso o alteraci\u00f3n no autorizada de su informaci\u00f3n bajo nuestro control. Sin embargo, dados los riesgos inherentes, no podemos garantizar la seguridad absoluta y, en consecuencia, no podemos asegurar ni garantizar la seguridad de cualquier informaci\u00f3n que nos transmita y lo hace bajo su propia responsabilidad.<\/p>\n\n\n\n<p>Enlaces a terceros y uso de su informaci\u00f3n:<\/p>\n\n\n\n<p>Nuestro Servicio puede contener enlaces a otros sitios web que no operamos nosotros. Esta Pol\u00edtica de privacidad no aborda la pol\u00edtica de privacidad y otras pr\u00e1cticas de terceros, incluidos los terceros que operan cualquier sitio web o servicio al que se pueda acceder a trav\u00e9s de un enlace en el Servicio. Le recomendamos encarecidamente que revise la pol\u00edtica de privacidad de cada sitio que visite. No tenemos control ni asumimos ninguna responsabilidad por el contenido, las pol\u00edticas de privacidad o las pr\u00e1cticas de los sitios o servicios de terceros.<\/p>\n\n\n\n<p>Responsable de Reclamaciones\/Protecci\u00f3n de Datos:<\/p>\n\n\n\n<p>Si tiene alguna consulta o inquietud sobre el procesamiento de su informaci\u00f3n que est\u00e1 disponible con nosotros, puede enviar un correo electr\u00f3nico a nuestro Servicio de Reclamaciones en ICE SYSTEMS Ltd, Estate Road No. 7, South Humberside Industrial Estate Grimsby, NELincs, DN31 2TP, Reino Unido, correo electr\u00f3nico:&nbsp;info@ice-systems.com. Abordaremos sus inquietudes de acuerdo con la ley aplicable.<\/p>\n\n\n\n<p>Pol\u00edtica de Privacidad generada con CookieS\u00ed.<\/p>\n","protected":false},"excerpt":{"rendered":"<p>Pol\u00edtica de privacidad \u00daltima actualizaci\u00f3n el 14-mar-2022 Fecha de vigencia 14 de marzo de 2022 Esta Pol\u00edtica de Privacidad describe las pol\u00edticas de ICE SYSTEMS Ltd, Estate Road No. 7, South Humberside Industrial Estate Grimsby, N.E.Lincs, DN31 2TP, UK, Lincolnshire DN31 2TP, Reino Unido de Gran Breta\u00f1a e Irlanda del Norte, (el) correo electr\u00f3nico:&nbsp;info@icesystems.co.uk, tel\u00e9fono:&#8230;<\/p>\n","protected":false},"author":1,"featured_media":0,"parent":0,"menu_order":10,"comment_status":"closed","ping_status":"closed","template":"template--legal.php","meta":{"_acf_changed":false,"footnotes":""},"categories":[],"class_list":["post-152","page","type-page","status-publish","hentry"],"acf":[],"_links":{"self":[{"href":"https:\/\/www.ice-systems.com\/es\/wp-json\/wp\/v2\/pages\/152","targetHints":{"allow":["GET"]}}],"collection":[{"href":"https:\/\/www.ice-systems.com\/es\/wp-json\/wp\/v2\/pages"}],"about":[{"href":"https:\/\/www.ice-systems.com\/es\/wp-json\/wp\/v2\/types\/page"}],"author":[{"embeddable":true,"href":"https:\/\/www.ice-systems.com\/es\/wp-json\/wp\/v2\/users\/1"}],"replies":[{"embeddable":true,"href":"https:\/\/www.ice-systems.com\/es\/wp-json\/wp\/v2\/comments?post=152"}],"version-history":[{"count":4,"href":"https:\/\/www.ice-systems.com\/es\/wp-json\/wp\/v2\/pages\/152\/revisions"}],"predecessor-version":[{"id":2376,"href":"https:\/\/www.ice-systems.com\/es\/wp-json\/wp\/v2\/pages\/152\/revisions\/2376"}],"wp:attachment":[{"href":"https:\/\/www.ice-systems.com\/es\/wp-json\/wp\/v2\/media?parent=152"}],"wp:term":[{"taxonomy":"category","embeddable":true,"href":"https:\/\/www.ice-systems.com\/es\/wp-json\/wp\/v2\/categories?post=152"}],"curies":[{"name":"wp","href":"https:\/\/api.w.org\/{rel}","templated":true}]}}